{"id":6,"date":"2020-12-30T13:50:25","date_gmt":"2020-12-30T12:50:25","guid":{"rendered":"https:\/\/www.alcondis.net\/amc\/?page_id=6"},"modified":"2021-11-06T19:44:36","modified_gmt":"2021-11-06T18:44:36","slug":"ueber-uns","status":"publish","type":"page","link":"https:\/\/www.ameo-concept.de\/index.php\/ueber-uns\/","title":{"rendered":"\u00dcber uns"},"content":{"rendered":"\n<p>ameo-concept ist ein Projektentwickler mit Zulassung als Bautr\u00e4ger nach \u00a734c GewO mit Sitz in Darmstadt.<\/p>\n\n\n\n<p>Als Zusammenschluss von ortsans\u00e4ssigen Ingenieuren sowie Baufirmen bekommen Sie alles aus einer Hand.<\/p>\n\n\n\n<p>Unser Spezialwissen erstreckt sich von der Erschlie\u00dfung und Revitalisierung von Dachfl\u00e4chen und Altgeb\u00e4uden bis hin zum Neubau von modernen Penth\u00e4usern. Auch beim Thema altersgerechtes Wohnen inkl. h\u00e4uslicher Pflege k\u00f6nnen wir Punkten.<\/p>\n\n\n\n<p>Wir freuen uns auf Ihre Kontaktaufnahme.<\/p>\n","protected":false},"excerpt":{"rendered":"<p>ameo-concept ist ein Projektentwickler mit Zulassung als Bautr\u00e4ger nach \u00a734c GewO mit Sitz in Darmstadt. Als Zusammenschluss von ortsans\u00e4ssigen Ingenieuren sowie Baufirmen bekommen Sie alles aus einer Hand. Unser Spezialwissen erstreckt sich von der Erschlie\u00dfung und Revitalisierung von Dachfl\u00e4chen und Altgeb\u00e4uden bis hin zum Neubau von modernen Penth\u00e4usern. Auch beim Thema altersgerechtes Wohnen inkl. h\u00e4uslicher [&hellip;]<\/p>\n","protected":false},"author":1,"featured_media":0,"parent":0,"menu_order":0,"comment_status":"closed","ping_status":"closed","template":"","meta":{"footnotes":""},"class_list":["post-6","page","type-page","status-publish","hentry"],"_links":{"self":[{"href":"https:\/\/www.ameo-concept.de\/index.php\/wp-json\/wp\/v2\/pages\/6","targetHints":{"allow":["GET"]}}],"collection":[{"href":"https:\/\/www.ameo-concept.de\/index.php\/wp-json\/wp\/v2\/pages"}],"about":[{"href":"https:\/\/www.ameo-concept.de\/index.php\/wp-json\/wp\/v2\/types\/page"}],"author":[{"embeddable":true,"href":"https:\/\/www.ameo-concept.de\/index.php\/wp-json\/wp\/v2\/users\/1"}],"replies":[{"embeddable":true,"href":"https:\/\/www.ameo-concept.de\/index.php\/wp-json\/wp\/v2\/comments?post=6"}],"version-history":[{"count":3,"href":"https:\/\/www.ameo-concept.de\/index.php\/wp-json\/wp\/v2\/pages\/6\/revisions"}],"predecessor-version":[{"id":58,"href":"https:\/\/www.ameo-concept.de\/index.php\/wp-json\/wp\/v2\/pages\/6\/revisions\/58"}],"wp:attachment":[{"href":"https:\/\/www.ameo-concept.de\/index.php\/wp-json\/wp\/v2\/media?parent=6"}],"curies":[{"name":"wp","href":"https:\/\/api.w.org\/{rel}","templated":true}]}}